{"id":322,"date":"2023-01-28T17:15:57","date_gmt":"2023-01-28T16:15:57","guid":{"rendered":"http:\/\/annowa.com.pl\/?page_id=322"},"modified":"2024-06-22T20:24:54","modified_gmt":"2024-06-22T18:24:54","slug":"o-mnie","status":"publish","type":"page","link":"https:\/\/annowa.com.pl\/index.php\/o-mnie\/","title":{"rendered":"O mnie"},"content":{"rendered":"<div class=\"wp-block-columns is-layout-flex wp-container-core-columns-is-layout-9d6595d7 wp-block-columns-is-layout-flex\"><div class=\"wp-block-column is-vertically-aligned-top is-layout-flow wp-block-column-is-layout-flow\" style=\"font-size:53px;flex-basis:35%\"><div class=\"wp-block-image\"><figure class=\"aligncenter size-large\"><img loading=\"lazy\" decoding=\"async\" width=\"683\" height=\"1024\" src=\"https:\/\/annowa.com.pl\/wp-content\/uploads\/2024\/06\/sesja_wizerunkowa_90-683x1024.jpg\" alt=\"\" class=\"wp-image-831\" srcset=\"https:\/\/annowa.com.pl\/wp-content\/uploads\/2024\/06\/sesja_wizerunkowa_90-683x1024.jpg 683w, https:\/\/annowa.com.pl\/wp-content\/uploads\/2024\/06\/sesja_wizerunkowa_90-200x300.jpg 200w, https:\/\/annowa.com.pl\/wp-content\/uploads\/2024\/06\/sesja_wizerunkowa_90-768x1152.jpg 768w, https:\/\/annowa.com.pl\/wp-content\/uploads\/2024\/06\/sesja_wizerunkowa_90-1024x1536.jpg 1024w, https:\/\/annowa.com.pl\/wp-content\/uploads\/2024\/06\/sesja_wizerunkowa_90-1140x1710.jpg 1140w, https:\/\/annowa.com.pl\/wp-content\/uploads\/2024\/06\/sesja_wizerunkowa_90-920x1380.jpg 920w, https:\/\/annowa.com.pl\/wp-content\/uploads\/2024\/06\/sesja_wizerunkowa_90-575x863.jpg 575w, https:\/\/annowa.com.pl\/wp-content\/uploads\/2024\/06\/sesja_wizerunkowa_90-380x570.jpg 380w, https:\/\/annowa.com.pl\/wp-content\/uploads\/2024\/06\/sesja_wizerunkowa_90-800x1200.jpg 800w, https:\/\/annowa.com.pl\/wp-content\/uploads\/2024\/06\/sesja_wizerunkowa_90.jpg 1365w\" sizes=\"auto, (max-width: 683px) 100vw, 683px\" \/><\/figure><\/div><\/div>\n\n<div class=\"wp-block-column is-layout-flow wp-block-column-is-layout-flow\" style=\"flex-basis:66%\"><div class=\"wp-block-columns is-layout-flex wp-container-core-columns-is-layout-9d6595d7 wp-block-columns-is-layout-flex\"><div class=\"wp-block-column is-layout-flow wp-block-column-is-layout-flow\"><p>Nazywam si\u0119 Anna Kowalczyk i jestem Artystk\u0105. R\u0119kodzielniczk\u0105, malark\u0105, projektantk\u0105 wzor\u00f3w. Zakochana w s\u0142owie &#8222;Pracownia&#8221;, postanowi\u0142am, \u017ce pewnego dnia stworz\u0119 dla siebie przestrze\u0144 do tworzenia.<\/p>\n\n<div class=\"wp-block-group\" style=\"font-size:0px\"><div class=\"wp-block-group__inner-container is-layout-constrained wp-block-group-is-layout-constrained\"><blockquote class=\"wp-block-quote wp-container-content-273e683f is-layout-flow wp-block-quote-is-layout-flow\" style=\"border-style:none;border-width:0px;font-size:0px;font-style:italic;font-weight:300;text-transform:none\"><p><em>Ciesz\u0119 si\u0119, \u017ce do coraz wi\u0119kszej ilo\u015bci os\u00f3b dociera fakt, \u017ce ka\u017cdy potrzebuje sztuki. Wn\u0119trze Twojego mieszkania odzwierciedla Ciebie. Obrazy mog\u0105 wyrazi\u0107 Twoj\u0105 osobowo\u015b\u0107, zainteresowania i wra\u017cliwo\u015b\u0107.<\/em><\/p><\/blockquote><\/div><\/div><\/div><\/div>\n\n<p><em><strong>Tworz\u0119, bo daje mi to wolno\u015b\u0107. My\u015bli i emocje wyra\u017cam obrazem. Za pomoc\u0105 r\u00f3\u017cnych artystycznych medi\u00f3w raportuj\u0119 otaczaj\u0105c\u0105 mnie przyrod\u0119.<\/strong><\/em> Moje pracy pomagaj\u0105 zbli\u017cy\u0107 si\u0119 do natury. Mie\u0107 jej cz\u0105stk\u0119 zawsze blisko siebie. Inspiruj\u0119 mnie kwiaty, ich \u017cywe kolory i kszta\u0142ty. Kieruje mn\u0105 silne przekonanie \u017ce, ka\u017cdy zas\u0142uguje na otaczanie si\u0119 pi\u0119knymi przedmiotami, a moja sztuka ich dostarcza. Moim j\u0119zykiem mi\u0142o\u015bci jest dawanie prezent\u00f3w. Wr\u0119czanie wyj\u0105tkowych przedmiot\u00f3w bliskim osobom jest dla mnie wa\u017cne. Bardzo ch\u0119tnie realizuj\u0119 produkty personalizowane na zam\u00f3wienie. <br><br>Zapraszam Ci\u0119 do swojego sklepu lub kontaktu, je\u015bli chcesz z\u0142o\u017cy\u0107 zam\u00f3wienie indywidualne.<br><img loading=\"lazy\" decoding=\"async\" width=\"150\" height=\"59\" class=\"wp-image-398\" style=\"width: 150px;\" src=\"http:\/\/annowa.com.pl\/wp-content\/uploads\/2023\/09\/Annowa_podpis-01.png\" alt=\"\" srcset=\"https:\/\/annowa.com.pl\/wp-content\/uploads\/2023\/09\/Annowa_podpis-01.png 361w, https:\/\/annowa.com.pl\/wp-content\/uploads\/2023\/09\/Annowa_podpis-01-300x119.png 300w\" sizes=\"auto, (max-width: 150px) 100vw, 150px\" \/><\/p>\n\n<figure class=\"wp-block-gallery has-nested-images columns-2 is-cropped wp-block-gallery-1 is-layout-flex wp-block-gallery-is-layout-flex\"><figure class=\"wp-block-image size-large\"><img loading=\"lazy\" decoding=\"async\" width=\"683\" height=\"1024\" data-id=\"844\" src=\"https:\/\/annowa.com.pl\/wp-content\/uploads\/2024\/06\/sesja_wizerunkowa_10-683x1024.jpg\" alt=\"\" class=\"wp-image-844\" srcset=\"https:\/\/annowa.com.pl\/wp-content\/uploads\/2024\/06\/sesja_wizerunkowa_10-683x1024.jpg 683w, https:\/\/annowa.com.pl\/wp-content\/uploads\/2024\/06\/sesja_wizerunkowa_10-200x300.jpg 200w, https:\/\/annowa.com.pl\/wp-content\/uploads\/2024\/06\/sesja_wizerunkowa_10-768x1152.jpg 768w, https:\/\/annowa.com.pl\/wp-content\/uploads\/2024\/06\/sesja_wizerunkowa_10-1024x1536.jpg 1024w, https:\/\/annowa.com.pl\/wp-content\/uploads\/2024\/06\/sesja_wizerunkowa_10-1140x1710.jpg 1140w, https:\/\/annowa.com.pl\/wp-content\/uploads\/2024\/06\/sesja_wizerunkowa_10-920x1380.jpg 920w, https:\/\/annowa.com.pl\/wp-content\/uploads\/2024\/06\/sesja_wizerunkowa_10-575x863.jpg 575w, https:\/\/annowa.com.pl\/wp-content\/uploads\/2024\/06\/sesja_wizerunkowa_10-380x570.jpg 380w, https:\/\/annowa.com.pl\/wp-content\/uploads\/2024\/06\/sesja_wizerunkowa_10-800x1200.jpg 800w, https:\/\/annowa.com.pl\/wp-content\/uploads\/2024\/06\/sesja_wizerunkowa_10.jpg 1365w\" sizes=\"auto, (max-width: 683px) 100vw, 683px\" \/><\/figure>\n\n<figure class=\"wp-block-image size-large\"><img loading=\"lazy\" decoding=\"async\" width=\"768\" height=\"1024\" data-id=\"701\" src=\"https:\/\/annowa.com.pl\/wp-content\/uploads\/2024\/02\/o-mnie2-768x1024.jpg\" alt=\"\" class=\"wp-image-701\" srcset=\"https:\/\/annowa.com.pl\/wp-content\/uploads\/2024\/02\/o-mnie2-768x1024.jpg 768w, https:\/\/annowa.com.pl\/wp-content\/uploads\/2024\/02\/o-mnie2-225x300.jpg 225w, https:\/\/annowa.com.pl\/wp-content\/uploads\/2024\/02\/o-mnie2-1152x1536.jpg 1152w, https:\/\/annowa.com.pl\/wp-content\/uploads\/2024\/02\/o-mnie2-1140x1520.jpg 1140w, https:\/\/annowa.com.pl\/wp-content\/uploads\/2024\/02\/o-mnie2-920x1227.jpg 920w, https:\/\/annowa.com.pl\/wp-content\/uploads\/2024\/02\/o-mnie2-575x767.jpg 575w, https:\/\/annowa.com.pl\/wp-content\/uploads\/2024\/02\/o-mnie2-380x507.jpg 380w, https:\/\/annowa.com.pl\/wp-content\/uploads\/2024\/02\/o-mnie2-800x1067.jpg 800w, https:\/\/annowa.com.pl\/wp-content\/uploads\/2024\/02\/o-mnie2.jpg 1536w\" sizes=\"auto, (max-width: 768px) 100vw, 768px\" \/><\/figure>\n\n<figure class=\"wp-block-image size-large\"><img loading=\"lazy\" decoding=\"async\" width=\"683\" height=\"1024\" data-id=\"845\" src=\"https:\/\/annowa.com.pl\/wp-content\/uploads\/2024\/06\/sesja_wizerunkowa_62-683x1024.jpg\" alt=\"\" class=\"wp-image-845\" srcset=\"https:\/\/annowa.com.pl\/wp-content\/uploads\/2024\/06\/sesja_wizerunkowa_62-683x1024.jpg 683w, https:\/\/annowa.com.pl\/wp-content\/uploads\/2024\/06\/sesja_wizerunkowa_62-200x300.jpg 200w, https:\/\/annowa.com.pl\/wp-content\/uploads\/2024\/06\/sesja_wizerunkowa_62-768x1152.jpg 768w, https:\/\/annowa.com.pl\/wp-content\/uploads\/2024\/06\/sesja_wizerunkowa_62-1024x1536.jpg 1024w, https:\/\/annowa.com.pl\/wp-content\/uploads\/2024\/06\/sesja_wizerunkowa_62-1140x1710.jpg 1140w, https:\/\/annowa.com.pl\/wp-content\/uploads\/2024\/06\/sesja_wizerunkowa_62-920x1380.jpg 920w, https:\/\/annowa.com.pl\/wp-content\/uploads\/2024\/06\/sesja_wizerunkowa_62-575x863.jpg 575w, https:\/\/annowa.com.pl\/wp-content\/uploads\/2024\/06\/sesja_wizerunkowa_62-380x570.jpg 380w, https:\/\/annowa.com.pl\/wp-content\/uploads\/2024\/06\/sesja_wizerunkowa_62-800x1200.jpg 800w, https:\/\/annowa.com.pl\/wp-content\/uploads\/2024\/06\/sesja_wizerunkowa_62.jpg 1365w\" sizes=\"auto, (max-width: 683px) 100vw, 683px\" \/><\/figure>\n\n<figure class=\"wp-block-image size-large\"><img loading=\"lazy\" decoding=\"async\" width=\"683\" height=\"1024\" data-id=\"846\" src=\"https:\/\/annowa.com.pl\/wp-content\/uploads\/2024\/06\/sesja_wizerunkowa_85-683x1024.jpg\" alt=\"\" class=\"wp-image-846\" srcset=\"https:\/\/annowa.com.pl\/wp-content\/uploads\/2024\/06\/sesja_wizerunkowa_85-683x1024.jpg 683w, https:\/\/annowa.com.pl\/wp-content\/uploads\/2024\/06\/sesja_wizerunkowa_85-200x300.jpg 200w, https:\/\/annowa.com.pl\/wp-content\/uploads\/2024\/06\/sesja_wizerunkowa_85-768x1152.jpg 768w, https:\/\/annowa.com.pl\/wp-content\/uploads\/2024\/06\/sesja_wizerunkowa_85-1024x1536.jpg 1024w, https:\/\/annowa.com.pl\/wp-content\/uploads\/2024\/06\/sesja_wizerunkowa_85-1140x1710.jpg 1140w, https:\/\/annowa.com.pl\/wp-content\/uploads\/2024\/06\/sesja_wizerunkowa_85-920x1380.jpg 920w, https:\/\/annowa.com.pl\/wp-content\/uploads\/2024\/06\/sesja_wizerunkowa_85-575x863.jpg 575w, https:\/\/annowa.com.pl\/wp-content\/uploads\/2024\/06\/sesja_wizerunkowa_85-380x570.jpg 380w, https:\/\/annowa.com.pl\/wp-content\/uploads\/2024\/06\/sesja_wizerunkowa_85-800x1200.jpg 800w, https:\/\/annowa.com.pl\/wp-content\/uploads\/2024\/06\/sesja_wizerunkowa_85.jpg 1365w\" sizes=\"auto, (max-width: 683px) 100vw, 683px\" \/><\/figure><\/figure><\/div><\/div>","protected":false},"excerpt":{"rendered":"<p>Nazywam si\u0119 Anna Kowalczyk i jestem Artystk\u0105. R\u0119kodzielniczk\u0105, malark\u0105, projektantk\u0105 wzor\u00f3w. Zakochana w s\u0142owie &#8222;Pracownia&#8221;, postanowi\u0142am, \u017ce pewnego dnia stworz\u0119 dla siebie przestrze\u0144 do tworzenia. Ciesz\u0119 si\u0119, \u017ce do coraz [&hellip;]<\/p>\n","protected":false},"author":1,"featured_media":0,"parent":0,"menu_order":0,"comment_status":"closed","ping_status":"closed","template":"","meta":{"footnotes":""},"class_list":["post-322","page","type-page","status-publish","hentry"],"jetpack_sharing_enabled":true,"_links":{"self":[{"href":"https:\/\/annowa.com.pl\/index.php\/wp-json\/wp\/v2\/pages\/322","targetHints":{"allow":["GET"]}}],"collection":[{"href":"https:\/\/annowa.com.pl\/index.php\/wp-json\/wp\/v2\/pages"}],"about":[{"href":"https:\/\/annowa.com.pl\/index.php\/wp-json\/wp\/v2\/types\/page"}],"author":[{"embeddable":true,"href":"https:\/\/annowa.com.pl\/index.php\/wp-json\/wp\/v2\/users\/1"}],"replies":[{"embeddable":true,"href":"https:\/\/annowa.com.pl\/index.php\/wp-json\/wp\/v2\/comments?post=322"}],"version-history":[{"count":37,"href":"https:\/\/annowa.com.pl\/index.php\/wp-json\/wp\/v2\/pages\/322\/revisions"}],"predecessor-version":[{"id":855,"href":"https:\/\/annowa.com.pl\/index.php\/wp-json\/wp\/v2\/pages\/322\/revisions\/855"}],"wp:attachment":[{"href":"https:\/\/annowa.com.pl\/index.php\/wp-json\/wp\/v2\/media?parent=322"}],"curies":[{"name":"wp","href":"https:\/\/api.w.org\/{rel}","templated":true}]}}