{"id":579,"date":"2024-01-18T19:23:10","date_gmt":"2024-01-18T18:23:10","guid":{"rendered":"http:\/\/annowa.com.pl\/?post_type=product&#038;p=579"},"modified":"2024-06-16T22:31:55","modified_gmt":"2024-06-16T20:31:55","slug":"notte","status":"publish","type":"product","link":"https:\/\/annowa.com.pl\/index.php\/produkt\/notte\/","title":{"rendered":"Notte"},"content":{"rendered":"","protected":false},"excerpt":{"rendered":"<p>Obraz wykonany na p\u0142\u00f3tnie, przedstawia Ksi\u0119\u017cyc na ciemnym tle.<br \/>\nFormat obrazu: 50&#215;130 cm<br \/>\nWraz z obrazem do\u0142\u0105czam certyfikat jego autentyczno\u015bci.<\/p>\n<p><strong>WYSY\u0141KA<br \/>\n<\/strong>W Polsce wysy\u0142ka gratis, ok 2 &#8211; 5 dni roboczych.<br \/>\nW sprawie wysy\u0142ki zagranicznej &#8211; prosz\u0119 o kontakt mailowy.<\/p>\n<p>&nbsp;<\/p>\n","protected":false},"featured_media":583,"comment_status":"closed","ping_status":"closed","template":"","meta":[],"product_brand":[],"product_cat":[23,27],"product_tag":[],"class_list":{"0":"post-579","1":"product","2":"type-product","3":"status-publish","4":"has-post-thumbnail","6":"product_cat-obrazy","7":"product_cat-obrazy-wszystkie","9":"first","10":"instock","11":"sold-individually","12":"shipping-taxable","13":"purchasable","14":"product-type-simple"},"jetpack_sharing_enabled":true,"_links":{"self":[{"href":"https:\/\/annowa.com.pl\/index.php\/wp-json\/wp\/v2\/product\/579","targetHints":{"allow":["GET"]}}],"collection":[{"href":"https:\/\/annowa.com.pl\/index.php\/wp-json\/wp\/v2\/product"}],"about":[{"href":"https:\/\/annowa.com.pl\/index.php\/wp-json\/wp\/v2\/types\/product"}],"replies":[{"embeddable":true,"href":"https:\/\/annowa.com.pl\/index.php\/wp-json\/wp\/v2\/comments?post=579"}],"wp:featuredmedia":[{"embeddable":true,"href":"https:\/\/annowa.com.pl\/index.php\/wp-json\/wp\/v2\/media\/583"}],"wp:attachment":[{"href":"https:\/\/annowa.com.pl\/index.php\/wp-json\/wp\/v2\/media?parent=579"}],"wp:term":[{"taxonomy":"product_brand","embeddable":true,"href":"https:\/\/annowa.com.pl\/index.php\/wp-json\/wp\/v2\/product_brand?post=579"},{"taxonomy":"product_cat","embeddable":true,"href":"https:\/\/annowa.com.pl\/index.php\/wp-json\/wp\/v2\/product_cat?post=579"},{"taxonomy":"product_tag","embeddable":true,"href":"https:\/\/annowa.com.pl\/index.php\/wp-json\/wp\/v2\/product_tag?post=579"}],"curies":[{"name":"wp","href":"https:\/\/api.w.org\/{rel}","templated":true}]}}