{"id":592,"date":"2024-02-16T18:00:34","date_gmt":"2024-02-16T17:00:34","guid":{"rendered":"http:\/\/annowa.com.pl\/?post_type=product&#038;p=592"},"modified":"2025-01-22T08:40:08","modified_gmt":"2025-01-22T07:40:08","slug":"amore","status":"publish","type":"product","link":"https:\/\/annowa.com.pl\/index.php\/produkt\/amore\/","title":{"rendered":"Amore"},"content":{"rendered":"","protected":false},"excerpt":{"rendered":"<p>Obraz powsta\u0142 z mi\u0142o\u015bci do natury oraz struktur. W\u0142asnor\u0119cznie ulepi\u0142am i formowa\u0142am ka\u017cd\u0105 ro\u015blin\u0119, kt\u00f3ra znajduje si\u0119 na p\u0142\u00f3tnie.<br \/>\nDzi\u0119ki subtelnej kolorystyce bieli, be\u017cu i brzoskwini, obraz wnosi do wn\u0119trza spok\u00f3j i balans. Idealnie sprawdzi si\u0119 jako dekoracja sypialni.<br \/>\nJest bardzo przestrzenny, co wida\u0107 na zdj\u0119ciach. Je\u015bli pragniesz, aby Twoje wn\u0119trze nabra\u0142o charakteru, zapro\u015b do niego oryginaln\u0105 sztuk\u0119.<\/p>\n<p>Format obrazu: 60\u00d7100 cm<br \/>\nObraz jest zabezpieczony werniksem.<br \/>\nWykonany na p\u0142\u00f3tnie, gotowy do zawieszenia.<br \/>\nWraz z obrazem do\u0142\u0105czam certyfikat jego autentyczno\u015bci.<\/p>\n<p><strong>WYSY\u0141KA<br \/>\n<\/strong>W Polsce wysy\u0142ka gratis, ok 2 &#8211; 5 dni roboczych.<br \/>\nW sprawie wysy\u0142ki zagranicznej &#8211; prosz\u0119 o kontakt mailowy.<\/p>\n","protected":false},"featured_media":872,"comment_status":"closed","ping_status":"closed","template":"","meta":[],"product_brand":[],"product_cat":[23,26,27],"product_tag":[],"class_list":{"0":"post-592","1":"product","2":"type-product","3":"status-publish","4":"has-post-thumbnail","6":"product_cat-obrazy","7":"product_cat-obrazy-strukturalne","8":"product_cat-obrazy-wszystkie","10":"first","11":"instock","12":"sold-individually","13":"shipping-taxable","14":"purchasable","15":"product-type-simple"},"jetpack_sharing_enabled":true,"_links":{"self":[{"href":"https:\/\/annowa.com.pl\/index.php\/wp-json\/wp\/v2\/product\/592","targetHints":{"allow":["GET"]}}],"collection":[{"href":"https:\/\/annowa.com.pl\/index.php\/wp-json\/wp\/v2\/product"}],"about":[{"href":"https:\/\/annowa.com.pl\/index.php\/wp-json\/wp\/v2\/types\/product"}],"replies":[{"embeddable":true,"href":"https:\/\/annowa.com.pl\/index.php\/wp-json\/wp\/v2\/comments?post=592"}],"wp:featuredmedia":[{"embeddable":true,"href":"https:\/\/annowa.com.pl\/index.php\/wp-json\/wp\/v2\/media\/872"}],"wp:attachment":[{"href":"https:\/\/annowa.com.pl\/index.php\/wp-json\/wp\/v2\/media?parent=592"}],"wp:term":[{"taxonomy":"product_brand","embeddable":true,"href":"https:\/\/annowa.com.pl\/index.php\/wp-json\/wp\/v2\/product_brand?post=592"},{"taxonomy":"product_cat","embeddable":true,"href":"https:\/\/annowa.com.pl\/index.php\/wp-json\/wp\/v2\/product_cat?post=592"},{"taxonomy":"product_tag","embeddable":true,"href":"https:\/\/annowa.com.pl\/index.php\/wp-json\/wp\/v2\/product_tag?post=592"}],"curies":[{"name":"wp","href":"https:\/\/api.w.org\/{rel}","templated":true}]}}